{"id":13531,"date":"2024-11-20T16:33:17","date_gmt":"2024-11-20T14:33:17","guid":{"rendered":"https:\/\/new.campanelo.hr\/reservations\/"},"modified":"2025-01-08T10:11:50","modified_gmt":"2025-01-08T08:11:50","slug":"reservations","status":"publish","type":"page","link":"https:\/\/campanelo.hr\/en\/reservations\/","title":{"rendered":"Reservations"},"content":{"rendered":"\t\t<div data-elementor-type=\"wp-page\" data-elementor-id=\"13531\" class=\"elementor elementor-13531 elementor-13338\">\n\t\t\t\t<div class=\"elementor-element elementor-element-3bb8b13 e-con-full e-flex e-con e-parent\" data-id=\"3bb8b13\" data-element_type=\"container\" data-e-type=\"container\">\n\t\t<div class=\"elementor-element elementor-element-6189f35 e-con-full e-flex e-con e-child\" data-id=\"6189f35\" data-element_type=\"container\" data-e-type=\"container\" data-settings=\"{&quot;background_background&quot;:&quot;classic&quot;}\">\n\t\t\t\t<\/div>\n\t\t\t\t<\/div>\n\t\t<div class=\"elementor-element elementor-element-c2cdb42 e-con-full qodef-elementor-content-grid e-flex e-con e-parent\" data-id=\"c2cdb42\" data-element_type=\"container\" data-e-type=\"container\">\n\t\t\t\t<div class=\"elementor-element elementor-element-725de71 elementor-widget__width-initial elementor-widget-mobile__width-inherit elementor-widget elementor-widget-fidalgo_core_section_title\" data-id=\"725de71\" data-element_type=\"widget\" data-e-type=\"widget\" data-widget_type=\"fidalgo_core_section_title.default\">\n\t\t\t\t<div class=\"elementor-widget-container\">\n\t\t\t\t\t<div class=\"qodef-shortcode qodef-m  qodef-section-title qodef-alignment--center  \">\n\t\t<h2 class=\"qodef-m-title\" style=\"color: #D7B56D\">\n\t\t\t\t\tRESERVATIONS\t\t\t<\/h2>\n\t\t\t<p class=\"qodef-m-text\" style=\"margin-top: 15px\">At Campanelo, every meal becomes a culinary journey through the traditional flavors of Dalmatia, enriched with the personal touch of our chef, Mate Su\u010di\u0107, and seasoned with love and dedication to every detail.<\/p>\n<\/div>\n\t\t\t\t<\/div>\n\t\t\t\t<\/div>\n\t\t\t\t<div class=\"elementor-element elementor-element-a0ba439 elementor-widget__width-initial elementor-widget elementor-widget-wp-widget-fidalgo_core_contact_form_7\" data-id=\"a0ba439\" data-element_type=\"widget\" data-e-type=\"widget\" data-widget_type=\"wp-widget-fidalgo_core_contact_form_7.default\">\n\t\t\t\t<div class=\"elementor-widget-container\">\n\t\t\t\t\t\t\t\t<div class=\"qodef-contact-form-7\">\n\t\t\t\t\n<div class=\"wpcf7 no-js\" id=\"wpcf7-f13673-o1\" lang=\"hr\" dir=\"ltr\" data-wpcf7-id=\"13673\">\n<div class=\"screen-reader-response\"><p role=\"status\" aria-live=\"polite\" aria-atomic=\"true\"><\/p> <ul><\/ul><\/div>\n<form action=\"\/en\/wp-json\/wp\/v2\/pages\/13531#wpcf7-f13673-o1\" method=\"post\" class=\"wpcf7-form init\" aria-label=\"Kontakt obrazac\" novalidate=\"novalidate\" data-status=\"init\">\n<fieldset class=\"hidden-fields-container\"><input type=\"hidden\" name=\"_wpcf7\" value=\"13673\" \/><input type=\"hidden\" name=\"_wpcf7_version\" value=\"6.1.5\" \/><input type=\"hidden\" name=\"_wpcf7_locale\" value=\"hr\" \/><input type=\"hidden\" name=\"_wpcf7_unit_tag\" value=\"wpcf7-f13673-o1\" \/><input type=\"hidden\" name=\"_wpcf7_container_post\" value=\"0\" \/><input type=\"hidden\" name=\"_wpcf7_posted_data_hash\" value=\"\" \/><input type=\"hidden\" name=\"_wpcf7_recaptcha_response\" value=\"\" \/>\n<\/fieldset>\n<div class=\"qodef-reservation-form\">\n   <span class=\"wpcf7-form-control-wrap\" data-name=\"event-name\"><input size=\"40\" maxlength=\"400\" class=\"wpcf7-form-control wpcf7-text wpcf7-validates-as-required\" aria-required=\"true\" aria-invalid=\"false\" placeholder=\"Event name\" value=\"\" type=\"text\" name=\"event-name\" \/><\/span> \n   <div class=\"qodef-grid qodef-layout--columns qodef-responsive--custom qodef-col-num--3 qodef-col-num--1024--3 qodef-col-num--880--1 qodef-col-num--680--1\">\n      <div class=\"qodef-grid-inner\">\n         <div class=\"qodef-grid-item\"> <span class=\"wpcf7-form-control-wrap\" data-name=\"number-of-people\"><input class=\"wpcf7-form-control wpcf7-number wpcf7-validates-as-required wpcf7-validates-as-number\" aria-required=\"true\" aria-invalid=\"false\" placeholder=\"Number of guests\" value=\"\" type=\"number\" name=\"number-of-people\" \/><\/span> <\/div>\n         <div class=\"qodef-grid-item\"> <span class=\"wpcf7-form-control-wrap\" data-name=\"date-select\"><input class=\"wpcf7-form-control wpcf7-date wpcf7-validates-as-required wpcf7-validates-as-date\" aria-required=\"true\" aria-invalid=\"false\" placeholder=\"Date\" value=\"\" type=\"date\" name=\"date-select\" \/><\/span> <\/div>\n         <div class=\"qodef-grid-item\"> <span class=\"wpcf7-form-control-wrap\" data-name=\"menu-time\"><input size=\"40\" maxlength=\"400\" class=\"wpcf7-form-control wpcf7-text wpcf7-validates-as-required\" autocomplete=\"menu-time\" aria-required=\"true\" aria-invalid=\"false\" placeholder=\"Time(hh:mm)\" value=\"\" type=\"text\" name=\"menu-time\" \/><\/span> <\/div>\n         <div class=\"qodef-grid-item\"> <span class=\"wpcf7-form-control-wrap\" data-name=\"your-name\"><input size=\"40\" maxlength=\"400\" class=\"wpcf7-form-control wpcf7-text wpcf7-validates-as-required\" autocomplete=\"name\" aria-required=\"true\" aria-invalid=\"false\" placeholder=\"Name and surname\" value=\"\" type=\"text\" name=\"your-name\" \/><\/span> <\/div>\n         <div class=\"qodef-grid-item\"> <span class=\"wpcf7-form-control-wrap\" data-name=\"your-email\"><input size=\"40\" maxlength=\"400\" class=\"wpcf7-form-control wpcf7-email wpcf7-validates-as-required wpcf7-text wpcf7-validates-as-email\" autocomplete=\"email\" aria-required=\"true\" aria-invalid=\"false\" placeholder=\"Email\" value=\"\" type=\"email\" name=\"your-email\" \/><\/span> <\/div>\n         <div class=\"qodef-grid-item\"> <span class=\"wpcf7-form-control-wrap\" data-name=\"your-phone\"><input size=\"40\" maxlength=\"400\" class=\"wpcf7-form-control wpcf7-text wpcf7-validates-as-required\" aria-required=\"true\" aria-invalid=\"false\" placeholder=\"Phone\" value=\"\" type=\"text\" name=\"your-phone\" \/><\/span> <\/div>\n      <\/div>\n   <\/div>\n   <span class=\"wpcf7-form-control-wrap\" data-name=\"your-message\"><textarea cols=\"40\" rows=\"10\" maxlength=\"2000\" class=\"wpcf7-form-control wpcf7-textarea\" aria-invalid=\"false\" placeholder=\"Tell us more (optional)\" name=\"your-message\"><\/textarea><\/span> \n   <div class=\"qodef-button-holder\"> <button class=\"wpcf7-form-control wpcf7-submit qodef-button qodef-size--normal qodef-layout--outlined qodef-m\" type=\"submit\"><span class=\"qodef-m-text\">Send reservation<\/span><\/button> <\/div>\n<p style=\"margin-top: 10px; font-size: 14px;\">\n      Submitting a reservation request does not mean the reservation is automatically confirmed. Our team will check availability and get back to you with a confirmation or a proposed alternative time.\n   <\/p>\n<\/div><div class=\"wpcf7-response-output\" aria-hidden=\"true\"><\/div>\n<\/form>\n<\/div>\n\t\t\t<\/div>\n\t\t\t\t\t\t\t<\/div>\n\t\t\t\t<\/div>\n\t\t\t\t<\/div>\n\t\t<div class=\"elementor-element elementor-element-39e9f3a e-con-full qodef-elementor-content-grid e-flex e-con e-parent\" data-id=\"39e9f3a\" data-element_type=\"container\" data-e-type=\"container\">\n\t\t<div class=\"elementor-element elementor-element-2e75013 e-con-full e-flex e-con e-child\" data-id=\"2e75013\" data-element_type=\"container\" data-e-type=\"container\">\n\t\t\t\t<div class=\"elementor-element elementor-element-0bd3ba4 elementor-widget elementor-widget-fidalgo_core_stacked_images\" data-id=\"0bd3ba4\" data-element_type=\"widget\" data-e-type=\"widget\" data-widget_type=\"fidalgo_core_stacked_images.default\">\n\t\t\t\t<div class=\"elementor-widget-container\">\n\t\t\t\t\t<div class=\"qodef-shortcode qodef-m  qodef-stacked-images qodef-layout--default qodef--has-scroll\">\n\t<div class=\"qodef-m-images\">\n\t\t\t\t\t<div class=\"qodef-m-main-image\">\n\t\t\t\t<img fetchpriority=\"high\" decoding=\"async\" width=\"900\" height=\"1150\" src=\"https:\/\/campanelo.hr\/wp-content\/uploads\/2024\/09\/campanelo_rezervacije_1.jpg\" class=\"attachment-full size-full\" alt=\"\" srcset=\"https:\/\/campanelo.hr\/wp-content\/uploads\/2024\/09\/campanelo_rezervacije_1.jpg 900w, https:\/\/campanelo.hr\/wp-content\/uploads\/2024\/09\/campanelo_rezervacije_1-235x300.jpg 235w, https:\/\/campanelo.hr\/wp-content\/uploads\/2024\/09\/campanelo_rezervacije_1-801x1024.jpg 801w, https:\/\/campanelo.hr\/wp-content\/uploads\/2024\/09\/campanelo_rezervacije_1-768x981.jpg 768w\" sizes=\"(max-width: 900px) 100vw, 900px\" \/>\t\t\t<\/div>\n\t\t\t\t\t\t\t\t<div class=\"qodef-m-image \" style=\"top: var(--qode-item-vertical);--qode-item-vertical-position:51%;right: var(--qode-item-horizontal);--qode-item-horizontal-position:-12%;text-align:right\" >\n\t\t\t\t\t<img decoding=\"async\" src=\"https:\/\/campanelo.hr\/wp-content\/uploads\/2024\/09\/campanelo_gallery_9-202x281.jpg\" alt=\"\" width=\"202\" height=\"281\" data-ratio=\"0.71886120996441\" \/>\t\t\t\t<\/div>\n\t\t\t\t<\/div>\n<\/div>\n\t\t\t\t<\/div>\n\t\t\t\t<\/div>\n\t\t\t\t<\/div>\n\t\t<div class=\"elementor-element elementor-element-fff5c69 e-con-full elementor-hidden-tablet elementor-hidden-mobile e-flex e-con e-child\" data-id=\"fff5c69\" data-element_type=\"container\" data-e-type=\"container\">\n\t\t<div class=\"elementor-element elementor-element-cdd06f4 e-con-full e-flex e-con e-child\" data-id=\"cdd06f4\" data-element_type=\"container\" data-e-type=\"container\">\n\t\t\t\t<div class=\"elementor-element elementor-element-0206e81 elementor-widget elementor-widget-text-editor\" data-id=\"0206e81\" data-element_type=\"widget\" data-e-type=\"widget\" data-widget_type=\"text-editor.default\">\n\t\t\t\t<div class=\"elementor-widget-container\">\n\t\t\t\t\t\t\t\t\t<h4>VISIT US<\/h4>\n\t\t\t\t\t\t\t\t<\/div>\n\t\t\t\t<\/div>\n\t\t\t\t<div class=\"elementor-element elementor-element-948726f elementor-widget elementor-widget-text-editor\" data-id=\"948726f\" data-element_type=\"widget\" data-e-type=\"widget\" data-widget_type=\"text-editor.default\">\n\t\t\t\t<div class=\"elementor-widget-container\">\n\t\t\t\t\t\t\t\t\t<p>Su\u010di\u0107i 6, Mirlovi\u0107 Zagora,<\/p><p>22323 Unesic<\/p>\t\t\t\t\t\t\t\t<\/div>\n\t\t\t\t<\/div>\n\t\t\t\t<div class=\"elementor-element elementor-element-b556177 elementor-widget elementor-widget-text-editor\" data-id=\"b556177\" data-element_type=\"widget\" data-e-type=\"widget\" data-widget_type=\"text-editor.default\">\n\t\t\t\t<div class=\"elementor-widget-container\">\n\t\t\t\t\t\t\t\t\t<p>Phone. <a class=\"qodef--light-hover\" style=\"color: #ced8d8;\" href=\"phone:+385 %2095% 20857%202338\">+385 95 857 2338<\/a><\/p>\t\t\t\t\t\t\t\t<\/div>\n\t\t\t\t<\/div>\n\t\t\t\t<div class=\"elementor-element elementor-element-9701f8a elementor-widget elementor-widget-text-editor\" data-id=\"9701f8a\" data-element_type=\"widget\" data-e-type=\"widget\" data-widget_type=\"text-editor.default\">\n\t\t\t\t<div class=\"elementor-widget-container\">\n\t\t\t\t\t\t\t\t\t<p>M. <a class=\"qodef--light-hover\" style=\"color: #ced8d8;\" href=\"mailto:hello@campanelo.hr\">hello@campanelo.hr<\/a><\/p>\n\t\t\t\t\t\t\t\t<\/div>\n\t\t\t\t<\/div>\n\t\t\t\t<div class=\"elementor-element elementor-element-22b243d elementor-widget elementor-widget-text-editor\" data-id=\"22b243d\" data-element_type=\"widget\" data-e-type=\"widget\" data-widget_type=\"text-editor.default\">\n\t\t\t\t<div class=\"elementor-widget-container\">\n\t\t\t\t\t\t\t\t\t<h4>WORKING HOURS<\/h4>\n\t\t\t\t\t\t\t\t<\/div>\n\t\t\t\t<\/div>\n\t\t\t\t<div class=\"elementor-element elementor-element-6f54c4f elementor-widget elementor-widget-text-editor\" data-id=\"6f54c4f\" data-element_type=\"widget\" data-e-type=\"widget\" data-widget_type=\"text-editor.default\">\n\t\t\t\t<div class=\"elementor-widget-container\">\n\t\t\t\t\t\t\t\t\t<p>Monday &#8211; Sunday: from 12:00 to 23:00<br \/> Tuesday: Closed<\/p>\n\t\t\t\t\t\t\t\t<\/div>\n\t\t\t\t<\/div>\n\t\t\t\t<\/div>\n\t\t\t\t<\/div>\n\t\t\t\t<\/div>\n\t\t\t\t<\/div>\n\t\t","protected":false},"excerpt":{"rendered":"<p>RESERVATIONS At Campanelo, every meal becomes a culinary journey through the traditional flavors of Dalmatia, enriched with the personal touch of our chef, Mate Su\u010di\u0107, and seasoned with love and dedication to every detail. VISIT US Su\u010di\u0107i 6, Mirlovi\u0107 Zagora, 22323 Unesic Phone. +385 95 857 2338 M. hello@campanelo.hr WORKING HOURS Monday &#8211; Sunday: from [&hellip;]<\/p>\n","protected":false},"author":1,"featured_media":13044,"parent":0,"menu_order":0,"comment_status":"closed","ping_status":"closed","template":"page-full-width.php","meta":{"footnotes":""},"class_list":["post-13531","page","type-page","status-publish","has-post-thumbnail","hentry"],"yoast_head":"<!-- This site is optimized with the Yoast SEO plugin v27.3 - https:\/\/yoast.com\/product\/yoast-seo-wordpress\/ -->\n<title>Reservations - Campanelo<\/title>\n<meta name=\"description\" content=\"At the Campanelo tavern, every meal becomes a gastronomic journey through the traditional flavors of Dalmatia, enriched with the personal touch of our chef Mate Su\u010di\u0107.\" \/>\n<meta name=\"robots\" content=\"index, follow, max-snippet:-1, max-image-preview:large, max-video-preview:-1\" \/>\n<link rel=\"canonical\" href=\"https:\/\/campanelo.hr\/en\/reservations\/\" \/>\n<meta property=\"og:locale\" content=\"en_US\" \/>\n<meta property=\"og:type\" content=\"article\" \/>\n<meta property=\"og:title\" content=\"Reservations - Campanelo\" \/>\n<meta property=\"og:description\" content=\"At the Campanelo tavern, every meal becomes a gastronomic journey through the traditional flavors of Dalmatia, enriched with the personal touch of our chef Mate Su\u010di\u0107.\" \/>\n<meta property=\"og:url\" content=\"https:\/\/campanelo.hr\/en\/reservations\/\" \/>\n<meta property=\"og:site_name\" content=\"Campanelo\" \/>\n<meta property=\"article:publisher\" content=\"https:\/\/www.facebook.com\/profile.php?id=100063664233559\" \/>\n<meta property=\"article:modified_time\" content=\"2025-01-08T08:11:50+00:00\" \/>\n<meta property=\"og:image\" content=\"https:\/\/campanelo.hr\/wp-content\/uploads\/2024\/09\/campanelo_gallery_9.jpg\" \/>\n\t<meta property=\"og:image:width\" content=\"600\" \/>\n\t<meta property=\"og:image:height\" content=\"600\" \/>\n\t<meta property=\"og:image:type\" content=\"image\/jpeg\" \/>\n<meta name=\"twitter:card\" content=\"summary_large_image\" \/>\n<meta name=\"twitter:label1\" content=\"Est. reading time\" \/>\n\t<meta name=\"twitter:data1\" content=\"1 minute\" \/>\n<script type=\"application\/ld+json\" class=\"yoast-schema-graph\">{\"@context\":\"https:\\\/\\\/schema.org\",\"@graph\":[{\"@type\":\"WebPage\",\"@id\":\"https:\\\/\\\/campanelo.hr\\\/en\\\/reservations\\\/\",\"url\":\"https:\\\/\\\/campanelo.hr\\\/en\\\/reservations\\\/\",\"name\":\"Reservations - Campanelo\",\"isPartOf\":{\"@id\":\"https:\\\/\\\/campanelo.hr\\\/en\\\/#website\"},\"primaryImageOfPage\":{\"@id\":\"https:\\\/\\\/campanelo.hr\\\/en\\\/reservations\\\/#primaryimage\"},\"image\":{\"@id\":\"https:\\\/\\\/campanelo.hr\\\/en\\\/reservations\\\/#primaryimage\"},\"thumbnailUrl\":\"https:\\\/\\\/campanelo.hr\\\/wp-content\\\/uploads\\\/2024\\\/09\\\/campanelo_gallery_9.jpg\",\"datePublished\":\"2024-11-20T14:33:17+00:00\",\"dateModified\":\"2025-01-08T08:11:50+00:00\",\"description\":\"At the Campanelo tavern, every meal becomes a gastronomic journey through the traditional flavors of Dalmatia, enriched with the personal touch of our chef Mate Su\u010di\u0107.\",\"breadcrumb\":{\"@id\":\"https:\\\/\\\/campanelo.hr\\\/en\\\/reservations\\\/#breadcrumb\"},\"inLanguage\":\"en-US\",\"potentialAction\":[{\"@type\":\"ReadAction\",\"target\":[\"https:\\\/\\\/campanelo.hr\\\/en\\\/reservations\\\/\"]}]},{\"@type\":\"ImageObject\",\"inLanguage\":\"en-US\",\"@id\":\"https:\\\/\\\/campanelo.hr\\\/en\\\/reservations\\\/#primaryimage\",\"url\":\"https:\\\/\\\/campanelo.hr\\\/wp-content\\\/uploads\\\/2024\\\/09\\\/campanelo_gallery_9.jpg\",\"contentUrl\":\"https:\\\/\\\/campanelo.hr\\\/wp-content\\\/uploads\\\/2024\\\/09\\\/campanelo_gallery_9.jpg\",\"width\":600,\"height\":600},{\"@type\":\"BreadcrumbList\",\"@id\":\"https:\\\/\\\/campanelo.hr\\\/en\\\/reservations\\\/#breadcrumb\",\"itemListElement\":[{\"@type\":\"ListItem\",\"position\":1,\"name\":\"Po\u010detna stranica\",\"item\":\"https:\\\/\\\/campanelo.hr\\\/en\\\/\"},{\"@type\":\"ListItem\",\"position\":2,\"name\":\"Reservations\"}]},{\"@type\":\"WebSite\",\"@id\":\"https:\\\/\\\/campanelo.hr\\\/en\\\/#website\",\"url\":\"https:\\\/\\\/campanelo.hr\\\/en\\\/\",\"name\":\"Campanelo\",\"description\":\"Zemlja dide moga\",\"publisher\":{\"@id\":\"https:\\\/\\\/campanelo.hr\\\/en\\\/#organization\"},\"potentialAction\":[{\"@type\":\"SearchAction\",\"target\":{\"@type\":\"EntryPoint\",\"urlTemplate\":\"https:\\\/\\\/campanelo.hr\\\/en\\\/?s={search_term_string}\"},\"query-input\":{\"@type\":\"PropertyValueSpecification\",\"valueRequired\":true,\"valueName\":\"search_term_string\"}}],\"inLanguage\":\"en-US\"},{\"@type\":\"Organization\",\"@id\":\"https:\\\/\\\/campanelo.hr\\\/en\\\/#organization\",\"name\":\"Campanelo\",\"url\":\"https:\\\/\\\/campanelo.hr\\\/en\\\/\",\"logo\":{\"@type\":\"ImageObject\",\"inLanguage\":\"en-US\",\"@id\":\"https:\\\/\\\/campanelo.hr\\\/en\\\/#\\\/schema\\\/logo\\\/image\\\/\",\"url\":\"https:\\\/\\\/campanelo.hr\\\/wp-content\\\/uploads\\\/2024\\\/09\\\/campanelo_mobile-logo.png\",\"contentUrl\":\"https:\\\/\\\/campanelo.hr\\\/wp-content\\\/uploads\\\/2024\\\/09\\\/campanelo_mobile-logo.png\",\"width\":376,\"height\":124,\"caption\":\"Campanelo\"},\"image\":{\"@id\":\"https:\\\/\\\/campanelo.hr\\\/en\\\/#\\\/schema\\\/logo\\\/image\\\/\"},\"sameAs\":[\"https:\\\/\\\/www.facebook.com\\\/profile.php?id=100063664233559\",\"https:\\\/\\\/www.instagram.com\\\/konoba_campanelo\"]}]}<\/script>\n<!-- \/ Yoast SEO plugin. -->","yoast_head_json":{"title":"Reservations - Campanelo","description":"At the Campanelo tavern, every meal becomes a gastronomic journey through the traditional flavors of Dalmatia, enriched with the personal touch of our chef Mate Su\u010di\u0107.","robots":{"index":"index","follow":"follow","max-snippet":"max-snippet:-1","max-image-preview":"max-image-preview:large","max-video-preview":"max-video-preview:-1"},"canonical":"https:\/\/campanelo.hr\/en\/reservations\/","og_locale":"en_US","og_type":"article","og_title":"Reservations - Campanelo","og_description":"At the Campanelo tavern, every meal becomes a gastronomic journey through the traditional flavors of Dalmatia, enriched with the personal touch of our chef Mate Su\u010di\u0107.","og_url":"https:\/\/campanelo.hr\/en\/reservations\/","og_site_name":"Campanelo","article_publisher":"https:\/\/www.facebook.com\/profile.php?id=100063664233559","article_modified_time":"2025-01-08T08:11:50+00:00","og_image":[{"width":600,"height":600,"url":"https:\/\/campanelo.hr\/wp-content\/uploads\/2024\/09\/campanelo_gallery_9.jpg","type":"image\/jpeg"}],"twitter_card":"summary_large_image","twitter_misc":{"Est. reading time":"1 minute"},"schema":{"@context":"https:\/\/schema.org","@graph":[{"@type":"WebPage","@id":"https:\/\/campanelo.hr\/en\/reservations\/","url":"https:\/\/campanelo.hr\/en\/reservations\/","name":"Reservations - Campanelo","isPartOf":{"@id":"https:\/\/campanelo.hr\/en\/#website"},"primaryImageOfPage":{"@id":"https:\/\/campanelo.hr\/en\/reservations\/#primaryimage"},"image":{"@id":"https:\/\/campanelo.hr\/en\/reservations\/#primaryimage"},"thumbnailUrl":"https:\/\/campanelo.hr\/wp-content\/uploads\/2024\/09\/campanelo_gallery_9.jpg","datePublished":"2024-11-20T14:33:17+00:00","dateModified":"2025-01-08T08:11:50+00:00","description":"At the Campanelo tavern, every meal becomes a gastronomic journey through the traditional flavors of Dalmatia, enriched with the personal touch of our chef Mate Su\u010di\u0107.","breadcrumb":{"@id":"https:\/\/campanelo.hr\/en\/reservations\/#breadcrumb"},"inLanguage":"en-US","potentialAction":[{"@type":"ReadAction","target":["https:\/\/campanelo.hr\/en\/reservations\/"]}]},{"@type":"ImageObject","inLanguage":"en-US","@id":"https:\/\/campanelo.hr\/en\/reservations\/#primaryimage","url":"https:\/\/campanelo.hr\/wp-content\/uploads\/2024\/09\/campanelo_gallery_9.jpg","contentUrl":"https:\/\/campanelo.hr\/wp-content\/uploads\/2024\/09\/campanelo_gallery_9.jpg","width":600,"height":600},{"@type":"BreadcrumbList","@id":"https:\/\/campanelo.hr\/en\/reservations\/#breadcrumb","itemListElement":[{"@type":"ListItem","position":1,"name":"Po\u010detna stranica","item":"https:\/\/campanelo.hr\/en\/"},{"@type":"ListItem","position":2,"name":"Reservations"}]},{"@type":"WebSite","@id":"https:\/\/campanelo.hr\/en\/#website","url":"https:\/\/campanelo.hr\/en\/","name":"Campanelo","description":"Zemlja dide moga","publisher":{"@id":"https:\/\/campanelo.hr\/en\/#organization"},"potentialAction":[{"@type":"SearchAction","target":{"@type":"EntryPoint","urlTemplate":"https:\/\/campanelo.hr\/en\/?s={search_term_string}"},"query-input":{"@type":"PropertyValueSpecification","valueRequired":true,"valueName":"search_term_string"}}],"inLanguage":"en-US"},{"@type":"Organization","@id":"https:\/\/campanelo.hr\/en\/#organization","name":"Campanelo","url":"https:\/\/campanelo.hr\/en\/","logo":{"@type":"ImageObject","inLanguage":"en-US","@id":"https:\/\/campanelo.hr\/en\/#\/schema\/logo\/image\/","url":"https:\/\/campanelo.hr\/wp-content\/uploads\/2024\/09\/campanelo_mobile-logo.png","contentUrl":"https:\/\/campanelo.hr\/wp-content\/uploads\/2024\/09\/campanelo_mobile-logo.png","width":376,"height":124,"caption":"Campanelo"},"image":{"@id":"https:\/\/campanelo.hr\/en\/#\/schema\/logo\/image\/"},"sameAs":["https:\/\/www.facebook.com\/profile.php?id=100063664233559","https:\/\/www.instagram.com\/konoba_campanelo"]}]}},"_links":{"self":[{"href":"https:\/\/campanelo.hr\/en\/wp-json\/wp\/v2\/pages\/13531","targetHints":{"allow":["GET"]}}],"collection":[{"href":"https:\/\/campanelo.hr\/en\/wp-json\/wp\/v2\/pages"}],"about":[{"href":"https:\/\/campanelo.hr\/en\/wp-json\/wp\/v2\/types\/page"}],"author":[{"embeddable":true,"href":"https:\/\/campanelo.hr\/en\/wp-json\/wp\/v2\/users\/1"}],"replies":[{"embeddable":true,"href":"https:\/\/campanelo.hr\/en\/wp-json\/wp\/v2\/comments?post=13531"}],"version-history":[{"count":10,"href":"https:\/\/campanelo.hr\/en\/wp-json\/wp\/v2\/pages\/13531\/revisions"}],"predecessor-version":[{"id":13677,"href":"https:\/\/campanelo.hr\/en\/wp-json\/wp\/v2\/pages\/13531\/revisions\/13677"}],"wp:featuredmedia":[{"embeddable":true,"href":"https:\/\/campanelo.hr\/en\/wp-json\/wp\/v2\/media\/13044"}],"wp:attachment":[{"href":"https:\/\/campanelo.hr\/en\/wp-json\/wp\/v2\/media?parent=13531"}],"curies":[{"name":"wp","href":"https:\/\/api.w.org\/{rel}","templated":true}]}}